{"id":92,"date":"2024-01-25T17:10:30","date_gmt":"2024-01-25T08:10:30","guid":{"rendered":"https:\/\/lynx.let.hokudai.ac.jp\/cerss_tmp\/?page_id=92"},"modified":"2024-04-07T18:21:37","modified_gmt":"2024-04-07T09:21:37","slug":"ep_2020","status":"publish","type":"page","link":"https:\/\/lynx.let.hokudai.ac.jp\/cerss\/outputs\/ep_2020\/","title":{"rendered":"Journal Articles (International Journals, 2020)"},"content":{"rendered":"\n<p><\/p>\n\n\n\n<p>Aikawa, K., Yoshida, T., Ohmura, Y., Lyttle, K., Yoshioka, M., &amp; Morimoto, Y. (2020). Subanesthetic ketamine exerts antidepressant-like effects in adult rats exposed to juvenile stress.&nbsp;<em>Brain Research<\/em>,&nbsp;<strong>1746<\/strong>, 146980, doi:10.1016\/j.brainres.2020.146980.<\/p>\n\n\n\n<p>Bell, A. M., Gutierrez-Mecinas, M., Stevenson, A., Casas-Benito, A., Wildner, H., West, S. J., Watanabe, M., &amp; Todd, A. J. (2020). Expression of green fluorescent protein defines a specific population of lamina II excitatory interneurons in the GRP::eGFP mouse.&nbsp;<em>Scientific reports<\/em>,&nbsp;<strong>10<\/strong>(1), 13176, doi:10.1038\/s41598-020-69711-7.<\/p>\n\n\n\n<p>Chiba, H., Kitta, T., Ohmura, Y., Higuchi, M., Kon, M., Nakamura, M., Yoshioka, M., &amp; Shinohara, N. (2020). Serotonin in the rat prefrontal cortex controls the micturition reflex via 5-HT2A and 5-HT7 receptors.&nbsp;<em>International Journal of Urology<\/em>,&nbsp;<strong>27<\/strong>(8), 684-689, doi:10.1111\/iju.14267.<\/p>\n\n\n\n<p>Fujihara, K., Yamada, K., Ichitani, Y., Kakizaki, T., Jiang, W., Miyata, S., Suto, T., Kato, D., Saito, S., Watanabe, M., Kajita, Y., Ohshiro, T., Mushiake, H., Miyasaka, Y., Mashimo, T., Yasuda, H., &amp; Yanagawa, Y. (2020). CRISPR\/Cas9-engineered Gad1 elimination in rats leads to complex behavioral changes: implications for schizophrenia.&nbsp;<em>Translational psychiatry<\/em>,&nbsp;<strong>10<\/strong>(1), 426, doi:10.1038\/s41398-020-01108-6.<\/p>\n\n\n\n<p>Fukabori, R., Iguchi, Y., Kato, S., Takahashi, K., Eifuku, S., Tsuji, S., Hazama, A., Uchigashima, M., Watanabe, M., Mizuma, H., Cui, Y., Onoe, H., Hikishima, K., Yasoshima, Y., Osanai, M., Inagaki, R., Fukunaga, K., Nishijo, T., Momiyama, T., Benton, R., &amp; Kobayashi, K. (2020). Enhanced Retrieval of Taste Associative Memory by Chemogenetic Activation of Locus Coeruleus Norepinephrine Neurons.&nbsp;<em>The Journal of neuroscience : the official journal of the Society for Neuroscience<\/em>,&nbsp;<strong>40<\/strong>(43), 8367-8385, doi:10.1523\/JNEUROSCI.1720-20.2020.<\/p>\n\n\n\n<p>Fukaya, M., Sugawara, T., Hara, Y., Itakura, M., Watanabe, M., &amp; Sakagami, H. (2020). BRAG2a Mediates mGluR-Dependent AMPA Receptor Internalization at Excitatory Postsynapses through the Interaction with PSD-95 and Endophilin 3.&nbsp;<em>The Journal of neuroscience: the official journal of the Society for Neuroscience<\/em>,&nbsp;<strong>40<\/strong>(22), 4277-4296, doi:10.1523\/JNEUROSCI.1645-19.2020.<\/p>\n\n\n\n<p>Hashimoto, N., Michaels, T. I., Hancock, R., Kusumi, I., &amp; Hoeft, F. (2020). Maternal cerebellar gray matter volume is associated with daughters\u2019 psychotic experience.&nbsp;<em>Psychiatry and Clinical Neurosciences<\/em>,&nbsp;<strong>74<\/strong>(7), 392-397, doi:10.1111\/pcn.13011.<\/p>\n\n\n\n<p>Hashimoto, N., Takahashi, K., Fujisawa, D., Aoyama, K., Nakagawa, A., Okamura, N., Toyomaki, A., Oka, M., Takanobu, K., Okubo, R., Narita, H., Kitagawa, K., Udo, N., Maeda, T., Watanabe, S., Oyanagi, Y., Miyazaki, A., Ito, K., &amp; Kusumi, I. (2020). A pilot validation study of the Japanese translation of the Positive and Negative Syndrome Scale (PANSS).&nbsp;<em>Asian journal of psychiatry<\/em>, 54102210, doi:10.1016\/j.ajp.2020.102210.<\/p>\n\n\n\n<p>Horigane, S., Hamada, S., Kamijo, S., Yamada, H., Yamasaki, M., Watanabe, M., Bito, H., Ohtsuka, T., Takemoto-Kimura, S. (2020). Development of an L-type Ca2+ channel-dependent Ca2+ transient during the radial migration of cortical excitatory neurons.&nbsp;<em>Neuroscience research<\/em>, doi:10.1016\/j.neures.2020.06.003.<\/p>\n\n\n\n<p>Ishikawa, S., Kobayashi, M., Hashimoto, N., Mikami, H., Tanimura, A., Narumi, K., Furugen, A., Kusumi, I., &amp; Iseki, K. (2020). Association Between N-Desmethylclozapine and Clozapine-Induced Sialorrhea: Involvement of Increased Nocturnal Salivary Secretion via Muscarinic Receptors by N-Desmethylclozapine.&nbsp;<em>Journal of Pharmacology and Experimental Therapeutics<\/em>,&nbsp;<strong>375<\/strong>(2), 376-384, doi:10.1124\/jpet.120.000164.<\/p>\n\n\n\n<p>Ito, M., Kawahara, J. (2020). Search and concealment strategies in the spatiotemporal domain Attention,&nbsp;<em>Perception, &amp; Psychophysics<\/em>,&nbsp;<strong>82<\/strong>(5), 2393-2414, doi:10.3758\/s13414-020-01976-6.<\/p>\n\n\n\n<p>Itoh, T. D., Takeya, R., &amp; Tanaka, M. (2020). Spatial and temporal adaptation of predictive saccades based on motion inference.&nbsp;<em>Scientific reports<\/em>,&nbsp;<strong>10<\/strong>(1), 5280, doi:10.1038\/s41598-020-62211-8.<\/p>\n\n\n\n<p>Iwabuchi, T., Ohba, M., Ogawa, K., &amp; Inui, T. (2020). Incongruence of grammatical subjects activates brain regions involved in perspective taking in a sentence-sentence verification task.&nbsp;<em>Journal of Neurolinguistics<\/em>, 55100893, doi:10.1016\/j.jneuroling.2020.100893.<\/p>\n\n\n\n<p>Kakizaki, T., Ohshiro, T., Itakura, M., Konno, K., Watanabe, M., Mushiake, H., &amp; Yanagawa, Y. (2021). Rats deficient in the GAD65 isoform exhibit epilepsy and premature lethality.&nbsp;<em>FASEB journal: official publication of the Federation of American Societies for Experimental Biology<\/em>,&nbsp;<strong>35<\/strong>(2), e21224, doi:10.1096\/fj.202001935R.<\/p>\n\n\n\n<p>Kakizawa, S., Kishimoto, Y., Yamamoto, S., Onga, K., Yasuda, K., Miyamoto, Y., Watanabe, M., Sakai, R., &amp; Mori, N. (2020). Functional maintenance of calcium store by ShcB adaptor protein in cerebellar Purkinje cells.&nbsp;<em>Scientific reports<\/em>,&nbsp;<strong>10<\/strong>(1), 14475, doi:10.1038\/s41598-020-71414-y.<\/p>\n\n\n\n<p>Kamnate, A., Sirisin, J., Polsan, Y., Chomphoo, S., Watanabe, M., Kondo, H., &amp; Hipkaeo, W. (2021). In situ localization of diacylglycerol lipase \u03b1 and \u03b2 producing an endocannabinoid 2-arachidonoylglycerol and of cannabinoid receptor 1 in the primary oocytes of postnatal mice.&nbsp;<em>Journal of anatomy<\/em>, doi:10.1111\/joa.13392.<\/p>\n\n\n\n<p>Koga, M., Toyomaki, A., Kiso, Y., &amp; Kusumi, I. (2020). Impact of a Rice-Centered Diet on the Quality of Sleep in Association with Reduced Oxidative Stress: A Randomized, Open, Parallel-Group Clinical Trial.&nbsp;<em>Nutrients<\/em>,&nbsp;<strong>12<\/strong>(10), 2926, doi:10.3390\/nu12102926.<\/p>\n\n\n\n<p>Lee, I-C., Hu, F., &amp; Li, W-Q. (2020). Cultural factors facilitating or inhibiting the support for traditional household gender roles.&nbsp;<em>Journal of Cross-Cultural Psychology<\/em>,&nbsp;<strong>51<\/strong>(5), 333-352, doi:10.1177\/0022022120929089.<\/p>\n\n\n\n<p>Li, L. M. W., Chen, Q., Gao, H., Li, W-Q., &amp; Ito, K. (2020). Online\/offline self\u2010disclosure to offline friends and relational outcomes in a diary study: The moderating role of self\u2010esteem and relational closeness.&nbsp;<em>International Journal of Psychology<\/em>,&nbsp;<strong>56<\/strong>(1), 129-137, doi:0.1002\/ijop.12684.<\/p>\n\n\n\n<p>Li, L. M. W., Li, W-Q., Mei, D., &amp; Wang, Y. (2020). Self\u2010esteem among Chinese cohorts: Its temporal trend and its relationships with socioecological factors, 1993\u20132016.&nbsp;<em>European Journal of Personality<\/em>,&nbsp;<strong>34<\/strong>(2), 203-214, doi:10.1002\/per.2238.<\/p>\n\n\n\n<p>Li, W-Q., Li, L. M. W., Jiang, D., &amp; Liu, S. (2020). Fate control and ingroup bias in donation for the fight with the coronavirus pandemic: The mediating role of risk perception of COVID-19.&nbsp;<em>Personality and Individual Differences<\/em>, 171110456, doi:10.1016\/j.paid.2020.110456.<\/p>\n\n\n\n<p>Maezawa, T., Kawahara, J. (2020). Replicability of the curvature effect as a function of presentation time and response measure in Japanese observers.&nbsp;<em>i-Perception<\/em>,&nbsp;<strong>11<\/strong>(2), 1-16, doi:10.1177\/2041669520915204.<\/p>\n\n\n\n<p>Maezawa, T., Kawahara, J. (2021). Commonalities of visual and auditory working memory in a spatial-updating task.&nbsp;<em>Memory &amp; Cognition<\/em>, doi:10.3758\/s13421-021-01151-8.<\/p>\n\n\n\n<p>Matsuo, M. (2020). Linking the effects of mindfulness and strengths use on work engagement: Two three-wave longitudinal studies.&nbsp;<em>Current Psychology<\/em>, doi:10.1007\/s12144-020-01000-y.<\/p>\n\n\n\n<p>Matsuo, M. (2020). Influences of developmental job experience and learning goal orientation on employee creativity: Mediating role of psychological empowerment.&nbsp;<em>Human Resource Development International<\/em>.,<br>doi:10.1080\/13678868.2020.1824449.<\/p>\n\n\n\n<p>Matsuo, M. (2020). The role of work authenticity in linking strengths use to career satisfaction and proactive behavior: A two-wave study.&nbsp;<em>Career Development International<\/em>,&nbsp;<strong>25<\/strong>(6), 617-630, doi:10.1108\/CDI-01-2020-0015.<\/p>\n\n\n\n<p>Matsuo, M. (2020). Reflection on Success and failures: Scale development and validation.&nbsp;<em>Journal of Workplace Learning<\/em>,&nbsp;<strong>32<\/strong>(8), 615-626, doi:10.1108\/JWL-07-2020-0117.<\/p>\n\n\n\n<p>Matsuo, M. (2021). Promoting employee\u2019s self-change skills: The role of job characteristics, goal clarity, and learning goals.&nbsp;<em>International Journal of Training and Development<\/em>,&nbsp;<strong>25<\/strong>(1), 60-76, doi:0.1111\/ijtd.12207.<\/p>\n\n\n\n<p>Matsuo, M. (2021). Reflection on success in promoting authenticity and proactive behavior: A two-wave study.&nbsp;<em>Current Psychology<\/em>, doi:10.1007\/s12144-021-01352-z.<\/p>\n\n\n\n<p>Matsuo, M. (2020). Managers&#8217; exploration activities and individual unlearning: The mediating role of learning orientation and reflection.&nbsp;<em>International Journal of Human Resource Management<\/em>,&nbsp;<strong>31<\/strong>(5), 638-656,<br>doi:10.1080\/09585192.2017.1362022.<\/p>\n\n\n\n<p>Matsuo, M., &amp; Tsukube, T. (2020). A review on cognitive apprenticeship in educational research: Application for management education.&nbsp;<em>International Journal of Management Education<\/em>,&nbsp;<strong>18<\/strong>(3), doi:10.1016\/j.ijme.2020.100417.<\/p>\n\n\n\n<p>Matsuo, M., &amp;Nagata, M. (2020). A revised model of experiential learning with a debriefing checklist.&nbsp;<em>International Journal of Training and Development<\/em>,&nbsp;<strong>24<\/strong>(2), 144-153, doi:10.1111\/ijtd.12177.<\/p>\n\n\n\n<p>Matsuo, M., Arai, K., &amp; Matsuo, T. (2020). Effects of managerial coaching on critical reflection: Mediating role of learning goal orientation.&nbsp;<em>Journal of Workplace Learning<\/em>,&nbsp;<strong>32<\/strong>(3), 217-228, doi:10.1108\/JWL-06-2019-0086.<\/p>\n\n\n\n<p>Matsuo, M., Matsuo, T., &amp; Arai, K. (2021). The influence of an interactive use of management control on individual performance: Mediating roles of psychological empowerment and proactive behavior.&nbsp;<em>Journal of Accounting &amp; Organizational Change<\/em>,&nbsp;<strong>17<\/strong>(2), 263-281, doi:10.1108\/JAOC-06-2020-0079.<\/p>\n\n\n\n<p>Matsuoka, T., Yamasaki, M., Abe, M., Matsuda, Y., Morino, H., Kawakami, H., Sakimura, K., Watanabe, M., &amp; Hashimoto, K. (2021). Kv11 (ether-\u00e0-go-go-related gene) voltage-dependent K+ channels promote resonance and oscillation of subthreshold membrane potentials.&nbsp;<em>The Journal of physiology<\/em>,&nbsp;<strong>599<\/strong>(2), 547-569,<br>doi:10.1113\/JP280342.<\/p>\n\n\n\n<p>Milfont, T. L., Thomson, R., &amp; Yuki, M. (2020). Does relational mobility vary across national regions? A within-country examination.&nbsp;<em>PLOS ONE<\/em>,&nbsp;<strong>15<\/strong>(7), e0235172, doi:10.1371\/journal.pone.0235172.<\/p>\n\n\n\n<p>Miyata, S., Kakizaki, T., Fujihara, K., Obinata, H., Hirano, T., Nakai, J., Tanaka, M., Itohara, S., Watanabe, M., Tanaka, K. F., Abe, M., Sakimura, K., &amp; Yanagawa, Y. (2021). Global knockdown of glutamate decarboxylase 67 elicits emotional abnormality in mice.&nbsp;<em>Molecular brain<\/em>,&nbsp;<strong>14<\/strong>(1), 5, doi:10.1186\/s13041-020-00713-2.<\/p>\n\n\n\n<p>Miyazaki, T., Yamasaki, M., Tanaka, K. F., &amp; Watanabe, M. (2020). Compartmentalized Input-Output Organization of Lugaro Cells in the Cerebellar Cortex.&nbsp;<em>Neuroscience<\/em>, doi:10.1016\/j.neuroscience.2020.05.026.<\/p>\n\n\n\n<p>Morishita, C., Kameyama, R., Toda, H., Masuya, J., Ichiki, M., Kusumi, I., &amp; Inoue, T. (2020). Utility of TEMPS-A in differentiation between major depressive disorder, bipolar I disorder, and bipolar II disorder.&nbsp;<em>PloS One<\/em>,&nbsp;<strong>15<\/strong>(5), e0232459, doi:10.1371\/journal.pone.0232459.<\/p>\n\n\n\n<p>Nakamoto, C., Kawamura, M., Nakatsukasa, E., Natsume,R., Takao, K., Watanabe, M., Abe, M., Takeuchi, T., &amp; Sakimura, K. (2020). GluD1 knockout mice with a pure C57BL\/6N background show impaired fear memory, social interaction, and enhanced depressive-like behavior.&nbsp;<em>PloS One<\/em>,&nbsp;<strong>15<\/strong>(2), e0229288,<br>doi:10.1371\/journal.pone.0229288.<\/p>\n\n\n\n<p>Nakamoto, C., Konno, K., Miyazaki, T., Nakatsukasa, E., Natsume, R., Abe, M., Kawamura, M., Fukazawa, Y., Shigemoto, R., Yamasaki, M., Sakimura, K., &amp; Watanabe, M. (2020). Expression mapping, quantification, and complex formation of GluD1 and GluD2 glutamate receptors in adult mouse brain.&nbsp;<em>The Journal of comparative neurology<\/em>,&nbsp;<strong>528<\/strong>(6), 1003-1027, doi:10.1002\/cne.24792.<\/p>\n\n\n\n<p>Nebuka, M., Ohmura, Y., Izawa, S., Bouchekioua, Y., Nishitani, N., Yoshida, T., &amp; Yoshioka, M. (2020). Behavioral Characteristics of 5-HT2C Receptor Knockout Mice: Locomotor activity, Anxiety-, and Fear Memory-related Behaviors.&nbsp;<em>Behavioural<\/em><em>\u3000<\/em><em>Brain Research<\/em>, 379112394, doi:10.1016\/j.bbr.2019.112394<\/p>\n\n\n\n<p>Ohata, R., Asai, T., Kadota, H., Shigemasu, H., Ogawa, K., &amp; Imamizu, H. (2020). Sense of Agency Beyond Sensorimotor Process: Decoding Self-Other Action Attribution in the Human Brain.&nbsp;<em>Cerebral cortex (New York, N.Y. : 1991)<\/em>,&nbsp;<strong>30<\/strong>(7), 4076-4091, doi:10.1093\/cercor\/bhaa028.<\/p>\n\n\n\n<p>Ohmura, Y., Tsutsui-Kimura, I., Sasamori, H., Nebuka, M., Nishitani, N., Tanaka, K. F., Yamanaka, A., &amp; Yoshioka, M. (2020). Different roles of distinct serotonergic pathways in anxiety-like behavior, antidepressant-like, and anti-impulsive effects.&nbsp;<em>Neuropharmacology<\/em>, 167107703, doi:10.1016\/j.neuropharm.2019.107703.<\/p>\n\n\n\n<p>Ohtomo, S., Hirose, Y., &amp; Ohnuma, S. (2020). Public acceptance model for siting a repository of radioactive contaminated waste.&nbsp;<em>Journal of Risk Research<\/em>,&nbsp;<strong>24<\/strong>(2), 215-227, doi:10.1080\/13669877.2020.1750457.<\/p>\n\n\n\n<p>Pidsaya, A., Kamnate, A., Sirisin, J., Watanabe, M., Kondo, H., &amp; Hipkaeo, W. (2020). Different expression and subcellular localization of vesicular inhibitory amino acid transporter in ducts of major salivary glands: An in situ study in mice.&nbsp;<em>Archives of oral biology<\/em>, 113104689, doi:10.1016\/j.archoralbio.2020.104689.<\/p>\n\n\n\n<p>Polg\u00e1r, E., Bell, A. M., Gutierrez-Mecinas, M., Dickie, A. C., Akar, O., Costreie, M., Watanabe, M., &amp; Todd, A. J. (2020). Substance P-expressing Neurons in the Superficial Dorsal Horn of the Mouse Spinal Cord: Insights into Their Functions and their Roles in Synaptic Circuits.&nbsp;<em>Neuroscience<\/em>, 450113-125,<br>doi:10.1016\/j.neuroscience.2020.06.038.<\/p>\n\n\n\n<p>Sacai, H., Sakoori, K., Konno, K., Nagahama, K., Suzuki, H., Watanabe, T., Watanabe, M., Uesaka, N., &amp; Kano, M. (2020). Autism spectrum disorder-like behavior caused by reduced excitatory synaptic transmission in pyramidal neurons of mouse prefrontal cortex.&nbsp;<em>Nature communications<\/em>,&nbsp;<strong>11<\/strong>(1), 5140, doi:10.1038\/s41467-020-18861-3.<\/p>\n\n\n\n<p>Scott, J., Bellivier, F., Manchia, M., Schulze, T., Alda, M., Etain, B., Cervantes, P., Garnham, J., Nunes, A., O&#8217;Donovan, C., Slaney, C., Bauer, M., Pfennig, A., Reif, A., Kittel-Schneider, S., Veeh, J., del Zompo, M., Ardau, R., Chillotti, C., Severino, G., Kato, T., Ozaki, N., Kusumi, I., Hashimoto, R., Akiyama, K., &amp; Kelso, J. (2020). Can network analysis shed light on predictors of lithium response in bipolar I disorder?&nbsp;<em>Acta Psychiatrica Scandinavica<\/em>,&nbsp;<strong>141<\/strong>(6), 522-533, doi:10.1111\/acps.13163<\/p>\n\n\n\n<p>Shahrier, M. A., &amp; Wada, H. (2020). Effects of prenatal ethanol exposure on acoustic characteristics of play fighting-induced ultrasonic vocalizations in juvenile rats.&nbsp;<em>Neurotoxicology<\/em>, 7925-39, doi:10.1016\/j.neuro.2020.03.016.<\/p>\n\n\n\n<p>Shiotani, H., Miyata, M., Kameyama, T., Mandai, K., Yamasaki, M., Watanabe, M., Mizutani, K., &amp; Takai, Y. (2020). Nectin-2\u03b1 is localized at cholinergic neuron dendrites and regulates synapse formation in the medial habenula.&nbsp;<em>The Journal of comparative neurology<\/em>,&nbsp;<strong>529<\/strong>(2), 450-477, doi:10.1002\/cne.24958.<\/p>\n\n\n\n<p>Suzuki, K., Elegheert, J., Song, I., Sasakura, H., Senkov, O., Matsuda, K., Kakegawa, W., Clayton, A. J., Chang, V. T., Ferrer-Ferrer, M., Miura, E., Kaushik, R., Ikeno, M., Morioka, Y., Takeuchi, Y., Shimada, T., Otsuka, S., Stoyanov, S., Watanabe, M., Takeuchi, K., Dityatev, A., Aricescu, A. R., &amp; Yuzaki, M. (2020). A synthetic synaptic organizer protein restores glutamatergic neuronal circuits.&nbsp;<em>Science<\/em>,&nbsp;<strong>369<\/strong>(6507), doi:10.1126\/science.abb4853.<\/p>\n\n\n\n<p>Szocsics,P., Papp, P., Havas, L., Watanabe, M., &amp; Magl\u00f3czky, Z. (2021). Perisomatic innervation and neurochemical features of giant pyramidal neurons in both hemispheres of the human primary motor cortex.&nbsp;<em>Brain structure &amp; function<\/em>,&nbsp;<strong>226<\/strong>(1), 281-296, doi:10.1007\/s00429-020-02182-8.<\/p>\n\n\n\n<p>Takase, T., Nakamura, A., Miyoshi, H., Koga, M., Toyomaki, A., Kusumi, I., Kino, R., Konishi, Y., Kiso, Y., Atsumi, T. (2020). Effects of Palmaria palmata on lipid metabolism and glycemic control in participants with hypercholesterolemia in a randomized double\u2010blind placebo\u2010controlled trial.&nbsp;<em>Phytotherapy Research<\/em>,&nbsp;<strong>34<\/strong>(9), 2303-2312, doi:10.1002\/ptr.6680.<\/p>\n\n\n\n<p>Tanaka, M., Kunimatsu, J., Suzuki, T. W., Kameda, M., Ohmae, S., Uematsu, A., &amp; Takeya, R. (2020). Roles of the Cerebellum in Motor Preparation and Prediction of Timing.&nbsp;<em>Neuroscience<\/em>,<br>doi:10.1016\/j.neuroscience.2020.04.039.<\/p>\n\n\n\n<p>Tanda, T., Kawahara, J. (2020). An object-based template for rejection effect.&nbsp;<em>Visual Cognition<\/em>,&nbsp;<strong>28<\/strong>(2), 87-96, doi:10.1080\/13506285.2020.1722774.<\/p>\n\n\n\n<p>Terashima, H., Kihara, K., Kawahara, J., &amp; Kondo, H. M. (2020). Common principles underlie the fluctuation of auditory and visual sustained attention.&nbsp;<em>Quarterly Journal of Experimental Psychology<\/em>,<br>doi:10.1177\/1747021820972255.<\/p>\n\n\n\n<p>Toyoshima, K., Inoue, T., Masuya, J., Fujimura, T., Higashi, S., Tanabe, H., Kusumi, I. (2020). Structural equation modeling approach to explore the influence of childhood maltreatment in adults.&nbsp;<em>PLoS One<\/em>,&nbsp;<strong>15<\/strong>(10), e0239820, doi:10.1371\/journal.pone.0239820.<\/p>\n\n\n\n<p>Toyoshima, K., Inoue, T., Masuya, J., Fujimura, Y., Higashi, S., &amp; Kusumi, I. (2020). Associations among childhood parenting, affective temperaments, depressive symptoms, and cognitive complaints in adult community volunteers.&nbsp;<em>Journal of Affective Disorders<\/em>, 276361-368, doi:10.1016\/j.jad.2020.07.107.<\/p>\n\n\n\n<p>Toyoshima, K., Inoue, T., Masuya, J., Fujimura, Y., Higashi, S., &amp; Kusumi, I. (2020). Does Subjective Cognitive Function Mediate the Effect of Affective Temperaments on Functional Disability in Japanese Adults?.&nbsp;<em>Neuropsychiatric Disease and Treatment<\/em>, 161675-1684, doi:10.2147\/ndt.s256647.<\/p>\n\n\n\n<p>Toyoshima, K., Inoue, T., Shimura, A., Masuya, J., Ichiki, M., Fujimura, Y., &amp; Kusumi, I. (2020). Associations between the depressive symptoms, subjective cognitive function, and presenteeism of Japanese adult workers: a cross-sectional survey study.&nbsp;<em>BioPsychoSocial Medicine<\/em>,&nbsp;<strong>14<\/strong>(1), 10, doi:10.1186\/s13030-020-00183-x.<\/p>\n\n\n\n<p>Toyoshima, K., Toyomaki, A., Miyazaki, A., Martinez-Aran, A., Vieta, E., &amp; Kusumi, I. (2020). Associations between cognitive impairment and P300 mean amplitudes in individuals with bipolar disorder in remission.&nbsp;<em>Psychiatry Research<\/em>, 290113125, doi:10.1016\/j.psychres.2020.113125.<\/p>\n\n\n\n<p>Tsukube, T., &amp; Matsuo, M. (2020). The impact of cognitive apprenticeship on the perceived growth of junior doctors.&nbsp;<em>Journal of Workplace Learning<\/em>,&nbsp;<strong>32<\/strong>(7), 489-499, doi:10.1108\/JWL-04-2020-0055.<\/p>\n\n\n\n<p>Uchigashima, M., Konno, K., Demchak, E., Cheung, A., Watanabe, T., Keener, D. G., Abe, M., Le, T., Sakimura, K., Sasaoka, T., Uemura, T., Imamura-Kawasawa, Y., Watanabe, M., &amp; Futai. K. (2020). Specific Neuroligin3-\u03b1Neurexin1 signaling regulates GABAergic synaptic function in mouse hippocampus.&nbsp;<em>eLife<\/em>, 9e59545, doi:10.7554\/eLife.59545.<\/p>\n\n\n\n<p>Uchigashima, M., Leung, M., Watanabe, T., Cheung, A., Le, T., Pallat, S., Dinis, A. L. M., Watanabe, M., Imamura-Kawasawa, Y., &amp; Futai, K. (2020). Neuroligin3 splice isoforms shape inhibitory synaptic function in the mouse hippocampus.&nbsp;<em>The Journal of biological chemistry<\/em>, 295(25), 8589-8595, doi:10.1074\/jbc.AC120.012571.<\/p>\n\n\n\n<p>Udo, N., Hashimoto, N., Toyonaga, T., Isoyama, T., Oyanagi, Y., Narita, H., Shiga, T., Nakagawa, S., &amp; Kusumi, I. (2020). Apathy in Alzheimer\u2019s Disease Correlates with the Dopamine Transporter Level in the Caudate Nuclei&nbsp;<em>Dementia and Geriatric Cognitive Disorders Extra<\/em>,&nbsp;<strong>10<\/strong>(2), 86-93, doi:10.1159\/000509278.<\/p>\n\n\n\n<p>Valle-Le\u00f3n, M., Callado, L. F., Aso, E., Cajiao-Manrique, M. M., Sahlholm, K., L\u00f3pez-Cano, M., Soler, C., Altafaj, X., Watanabe, M., Ferr\u00e9, S., Fern\u00e1ndez-Due\u00f1as, V., Mench\u00f3n, J. M., Ciruela, F. (2020). Decreased striatal adenosine A2A-dopamine D2 receptor heteromerization in schizophrenia.&nbsp;<em>Neuropsychopharmacology<\/em>&nbsp;,46665-672, doi:10.1038\/s41386-020-00872-9.<\/p>\n\n\n\n<p>Wakatsuki, Y., Inoue, T., Hashimoto, N., Fujimura, Y., Masuya, J., Ichiki, M., Tanabe, H., &amp; Kusumi, I. (2020). Influence of Childhood Maltreatment, Adulthood Stressful Life Events, and Affective Temperaments on Premenstrual Mental Symptoms of Nonclinical Adult Volunteers.&nbsp;<em>Neuropsychiatric Disease and Treatment<\/em>,161-10, doi:10.2147\/ndt.s232925.<\/p>\n\n\n\n<p>Yamauchi, K., Kawahara, J. (2020). Inhibitory template for visual marking with endogenous spatial cueing.&nbsp;<em>Visual Cognition<\/em>,&nbsp;<strong>28<\/strong>(10), 581-604, doi:10.1080\/13506285.2020.1842834.<\/p>\n\n\n\n<p>Yamazaki, K., Kawabori, M., Seki, T., Takamiya, S., Tateno, T., Konno, K., Watanabe, M., &amp; Houkin, K. (2020). FTY720 Attenuates Neuropathic Pain after Spinal Cord Injury by Decreasing Systemic and Local Inflammation in a Rat Spinal Cord Compression Model.&nbsp;<em>Journal of neurotrauma<\/em>,&nbsp;<strong>37<\/strong>(15), 1720-1728,<br>doi:10.1089\/neu.2019.6905.<\/p>\n\n\n\n<p>Yang, H., Hu, Z., Imai, F., Yang, Y., &amp; Ogawa, K. (2021). Effects of neurofeedback on the activities of motor-related areas by using motor execution and imagery.&nbsp;<em>Neuroscience letters<\/em>, 746135653, doi:10.1016\/j.neulet.2021.135653.<\/p>\n\n\n\n<p>Yoshida, K., Takeda, K., Kasai, T., Makinae, S., Murakami, Y., Hasegawa, A., &amp; Sakai, S. (2020). Focused attention meditation training modifies neural activity and attention: longitudinal EEG data in non-meditators.&nbsp;<em>Social Cognitive and Affective Neuroscience<\/em>, 15215-224, doi:10.1093\/scan\/nsaa020.<\/p>\n\n\n\n<p>Yuki, M., Schug, J. (2020). Psychological consequences of relational mobility.&nbsp;<em>Current Opinion in Psychology<\/em>, 32129-132, doi:10.1016\/j.copsyc.2019.07.029.<\/p>\n","protected":false},"excerpt":{"rendered":"Aikawa, K., Yoshida, T., Ohmura, Y., Lyttle, K., Yoshioka, M., &amp; Morimoto, Y. (2020). Subanesthe...","protected":false},"author":1,"featured_media":1493,"parent":85,"menu_order":2020,"comment_status":"closed","ping_status":"closed","template":"","meta":{"footnotes":""},"class_list":["post-92","page","type-page","status-publish","has-post-thumbnail","hentry"],"_links":{"self":[{"href":"https:\/\/lynx.let.hokudai.ac.jp\/cerss\/wp-json\/wp\/v2\/pages\/92","targetHints":{"allow":["GET"]}}],"collection":[{"href":"https:\/\/lynx.let.hokudai.ac.jp\/cerss\/wp-json\/wp\/v2\/pages"}],"about":[{"href":"https:\/\/lynx.let.hokudai.ac.jp\/cerss\/wp-json\/wp\/v2\/types\/page"}],"author":[{"embeddable":true,"href":"https:\/\/lynx.let.hokudai.ac.jp\/cerss\/wp-json\/wp\/v2\/users\/1"}],"replies":[{"embeddable":true,"href":"https:\/\/lynx.let.hokudai.ac.jp\/cerss\/wp-json\/wp\/v2\/comments?post=92"}],"version-history":[{"count":6,"href":"https:\/\/lynx.let.hokudai.ac.jp\/cerss\/wp-json\/wp\/v2\/pages\/92\/revisions"}],"predecessor-version":[{"id":1709,"href":"https:\/\/lynx.let.hokudai.ac.jp\/cerss\/wp-json\/wp\/v2\/pages\/92\/revisions\/1709"}],"up":[{"embeddable":true,"href":"https:\/\/lynx.let.hokudai.ac.jp\/cerss\/wp-json\/wp\/v2\/pages\/85"}],"wp:featuredmedia":[{"embeddable":true,"href":"https:\/\/lynx.let.hokudai.ac.jp\/cerss\/wp-json\/wp\/v2\/media\/1493"}],"wp:attachment":[{"href":"https:\/\/lynx.let.hokudai.ac.jp\/cerss\/wp-json\/wp\/v2\/media?parent=92"}],"curies":[{"name":"wp","href":"https:\/\/api.w.org\/{rel}","templated":true}]}}