{"id":88,"date":"2024-01-25T17:07:53","date_gmt":"2024-01-25T08:07:53","guid":{"rendered":"https:\/\/lynx.let.hokudai.ac.jp\/cerss_tmp\/?page_id=88"},"modified":"2024-04-07T18:24:23","modified_gmt":"2024-04-07T09:24:23","slug":"ep_2021","status":"publish","type":"page","link":"https:\/\/lynx.let.hokudai.ac.jp\/cerss\/outputs\/ep_2021\/","title":{"rendered":"Journal Articles (International Journals, 2021)"},"content":{"rendered":"\n<p>Alsulaiman, W. A. A., Quillet, R., Bell, A. M., Dickie, A. C., Polg\u00e1r, E., Boyle, K. A., Watanabe, M., Roome, R. B., Kania, A., Todd, A. J., &amp; Gutierrez-Mecinas, M. (2021). Characterisation of lamina I anterolateral system neurons that express Cre in a Phox2a-Cre mouse line.&nbsp;<em>Scientific reports,&nbsp;<\/em><strong>11<\/strong>(1), 17912, 10.1038\/s41598-021-97105-w.<\/p>\n\n\n\n<p>Haruki, Y., &amp; Ogawa, K. (2021). Role of anatomical insular subdivisions in interoception: interoceptive attention and accuracy have dissociable substrates.&nbsp;<em>The European journal of neuroscience<\/em>,&nbsp;<strong>53<\/strong>(8), 2669-2680, 10.1111\/ejn.15157.<\/p>\n\n\n\n<p>Hashimoto, K., Yamawaki, Y., Yamaoka, K., Yoshida, T., Okada, K., Tan, W., Yamasaki, M., Matsumoto-Makidono, Y., Kubo, R., Nakayama, H., Kataoka, T., Kanematsu, T., Watanabe, M., Okamoto, Y., Morinobu, S., Aizawa, H., &amp; Yamawaki, S. (2021). Spike firing attenuation of serotonin neurons in learned helplessness rats is reversed by ketamine.&nbsp;<em>Brain communications<\/em>,&nbsp;<strong>3<\/strong>(4), fcab285, 10.1093\/braincomms\/fcab285.<\/p>\n\n\n\n<p>Hommerich, C., Ohnuma, S., Sato, K., &amp; Mizutori, S. (2022). Determinants of Interdependent Happiness Focusing on the Role of Social Capital: Empirical Insight From Japan.&nbsp;<em>Japanese Psychological Research,&nbsp;<\/em><strong>64<\/strong>(2), 205-221, 10.1111\/jpr.12415.<\/p>\n\n\n\n<p>Iida, I., Konno, K., Natsume, R., Abe, M., Watanabe, M., Sakimura, K., &amp; Terunuma, M. (2021). A comparative analysis of kainate receptor GluK2 and GluK5 knockout mice in a pure genetic background.&nbsp;<em>Behavioural brain research<\/em>,&nbsp;<strong>405<\/strong>, 113194, 10.1016\/j.bbr.2021.113194.<\/p>\n\n\n\n<p>Kaji, I., Roland, J. T., Rathan-Kumar, S., Engevik, A. C., Burman, A., Goldstein, A. E., Watanabe, M., Goldenring, J. R. (2021). Cell differentiation is disrupted by MYO5B loss through Wnt\/Notch imbalance.&nbsp;<em>JCI insight<\/em>,&nbsp;<strong>6<\/strong>(16), e150416, 10.1172\/jci.insight.150416.<\/p>\n\n\n\n<p>Kakizaki, T., Ohshiro, T., Itakura, M., Konno, K., Watanabe, M., Mushiake, H., &amp; Yanagawa, Y. (2021). Rats deficient in the GAD65 isoform exhibit epilepsy and premature lethality.&nbsp;<em>FASEB journal<\/em>,&nbsp;<strong>35<\/strong>(2), e21224, 10.1096\/fj.202001935R.<\/p>\n\n\n\n<p>Kamatani, M., Ito, M., Miyazaki, Y., &amp; Kawahara, J. I. (2021). Effects of masks worn to protect against COVID-19 on the perception of facial attractiveness.&nbsp;<em>i-Perception<\/em>,&nbsp;<strong>12<\/strong>(3), 10.1177\/20416695211027920.<\/p>\n\n\n\n<p>Kamnate, A., Sirisin, J., Polsan, Y., Chomphoo, S., Watanabe, M., Kondo, H., &amp; Hipkaeo, W. (2021). In situ localization of diacylglycerol lipase \u03b1 and \u03b2 producing an endocannabinoid 2-arachidonoylglycerol and of cannabinoid receptor 1 in the primary oocytes of postnatal mice.&nbsp;<em>Journal of anatomy<\/em>,&nbsp;<strong>238<\/strong>(6), 1330-1340, 10.1111\/joa.13392.<\/p>\n\n\n\n<p>Kasai, T. (2021). Effects of irrelevant object structure on early attention deployment.&nbsp;<em>Consciousness and Cognition<\/em>,&nbsp;<strong>92<\/strong>, 103141, 10.1016\/j.concog.2021.103141.<\/p>\n\n\n\n<p>Kasai, T., Kitajo, K., &amp; Makinae, S. (2021). Behavioral and electrophysiological investigations of effects of temporal regularity on illusory-figure processing.&nbsp;<em>Brain Research<\/em>,&nbsp;<strong>1766<\/strong>, 147521, 10.1016\/j.brainres.2021.147521.<\/p>\n\n\n\n<p>Kondo, H. M., Terashima, H., Ezaki, T., Kochiyama, T., Kihara, K., &amp; Kawahara, J. I. (2022). Dynamic Transitions Between Brain States Predict Auditory Attentional Fluctuations.&nbsp;<em>Frontiers in Neuroscience<\/em>.&nbsp;<strong>16<\/strong>, 816735, 10.3389\/fnins.2022.816735.<\/p>\n\n\n\n<p>Lai, E. S. K., Nakayama, H., Miyazaki, T., Nakazawa, T., Tabuchi, K., Hashimoto, K., Watanabe, M., &amp; Kano, M. (2021). An Autism-Associated Neuroligin-3 Mutation Affects Developmental Synapse Elimination in the Cerebellum.&nbsp;<em>Frontiers in neural circuits<\/em>.&nbsp;<strong>15<\/strong>. 676891, 10.3389\/fncir.2021.676891.<\/p>\n\n\n\n<p>Lang, M., Xygalatas, D., Kavanagh, C. M., Boccardi, N., Halberstadt, J., Jackson, C., Mart\u00ednez, M., Reddish, P., Tong, E. M. W., V\u00e1zquez, A., Whitehouse, H., Yamamoto, M. E., Yuki, M., &amp; Gomez, A. (2021). Outgroup threat and the emergence of cohesive groups: A cross-cultural examination.&nbsp;<em>Group Processes &amp; Intergroup Relations<\/em>, 10.1177\/13684302211016961.<\/p>\n\n\n\n<p>Li, L. M. W., Chen, Q., Gao, H., Li, W-Q., &amp; Ito, K. (2021). Online\/offline self\u2010disclosure to offline friends and relational outcomes in a diary study: The moderating role of self\u2010esteem and relational closeness.&nbsp;<em>International Journal of Psychology<\/em>,&nbsp;<strong>56<\/strong>(1), 129-137, 10.1002\/ijop.12684.<\/p>\n\n\n\n<p>Li, W-Q. Li, L. M. W., Jiang, D., &amp; Liu, S. (2021). Fate control and ingroup bias in donation for the fight with the coronavirus pandemic: The mediating role of risk perception of COVID-19.&nbsp;<em>Personality and Individual Differences<\/em>,&nbsp;<strong>171<\/strong>, 110456, 10.1016\/j.paid.2020.110456.<\/p>\n\n\n\n<p>Li, W-Q., Li, L. M. W., &amp; Lou, N. M. (2021). Who moved with you? The companionship of significant others reduces movers\u2019 motivation to make new friends.&nbsp;<em>Asian Journal of Social Psychology<\/em>,&nbsp;<strong>25<\/strong>(2), 319-335, 10.1111\/ajsp.12497.<\/p>\n\n\n\n<p>Luis, M. V-L., Callado, F., Aso, E., Cajiao-Manrique, M. M., Sahlholm, K., L\u00f3pez-Cano, M., Soler, C.,&nbsp; Altafaj, X., Watanabe, M., Ferr\u00e9, S., Fern\u00e1ndez-Due\u00f1as, V., Mench\u00f3n, J. M., &amp; Ciruela, F. (2021). Decreased striatal adenosine A2A-dopamine D2 receptor heteromerization in schizophrenia.&nbsp;<em>Neuropsychopharmacology,<\/em>&nbsp;<strong>46<\/strong>(3), 665-672, 10.1038\/s41386-020-00872-9.<\/p>\n\n\n\n<p>Maezawa, T., &amp; Kawahara, J. I. (2021). Commonalities of visual and auditory working memory in a spatial-updating task.&nbsp;<em>Memory &amp; Cognition<\/em>,&nbsp;<strong>49<\/strong>(6), 1172-1187, 10.3758\/s13421-021-01151-8.<\/p>\n\n\n\n<p>Maezawa, T., &amp; Kawahara, J. I. (2021). A label indicating an old year of establishment improves evaluations of restaurants and shops serving traditional foods.<em>&nbsp;PLoS ONE<\/em>,&nbsp;<strong>16<\/strong>(11), e0259063, 10.1371\/journal.pone.0259063.<\/p>\n\n\n\n<p>Maezawa, T., &amp; Kawahara, J. I. (in press). Processing symmetry between visual and auditory spatial representations.&nbsp;<em>Quarterly Journal of Experimental Psychology<\/em>.<\/p>\n\n\n\n<p>Maezawa, T., Kiyosawa, M., &amp; Kawahara, J. I. (2022). Auditory enhancement of visual searches for event scenes.&nbsp;<em>Attention, Perception, &amp; Psychophysics<\/em>,&nbsp;<strong>84<\/strong>(2), 427-441, 10.3758\/s13414-021-02433-8.<\/p>\n\n\n\n<p>Matsuo, M. (2022). Influences of developmental job experience and learning goal orientation on employee&nbsp; creativity: Mediating role of psychological empowerment.&nbsp;<em>Human Resource Development International<\/em>,&nbsp;<strong>25<\/strong>(1), 4-18, 10.1080\/13678868.2020.1824449.<\/p>\n\n\n\n<p>Matsuo, M. (2021). Reflecting on Success in Difficult Times: A Key to Enhance Proactivity and Employability.&nbsp;SAGE Open,&nbsp;<strong>11<\/strong>(4), DOI: 10.1177\/21582440211059167.<\/p>\n\n\n\n<p>Matsuo, M. (2021). The role of supervisor support for strengths use in promoting perceived employability and career satisfaction.&nbsp;<em>Personnel Review,<\/em>&nbsp;DOI 10.1108\/PR-01-2021-0026.<\/p>\n\n\n\n<p>Matsuo, M. (2021). Promoting employee\u2019s self-change skills: The role of job characteristics, goal clarity, and learning goals,&nbsp;<em>International Journal of Training and Development<\/em>,&nbsp;<strong>25<\/strong>(1), 60\u201376, 10.1111\/ijtd.12207.<\/p>\n\n\n\n<p>Matsuo, M. (2021). Antecedents of psychological empowerment: the effects of developmental experience, learning goal and authenticity.&nbsp;<em>Asia Pacific Journal of Human Resources<\/em>,&nbsp;<strong>59<\/strong>(1), 44-62, 10.1111\/1744-7941.12228.<\/p>\n\n\n\n<p>Matsuo, M. (2021). Reflection on success in promoting authenticity and proactive behavior: A two-wave&nbsp; study, Current Psychology,<strong>&nbsp;1<\/strong>(9), 10.1007\/s12144-021-01352-z.<\/p>\n\n\n\n<p>Matsuo, M., and Aihara, M. (2022). Effect of a community of practice on knowledge sharing across boundaries: The mediating role of learning goals.&nbsp;<em>Journal of Knowledge Management<\/em>,&nbsp;<strong>26<\/strong>(1), 1-16, 10.1108\/JKM-08-2020-0604.<\/p>\n\n\n\n<p>Matsuo, M., Matsuo, T., &amp; Arai, K. (2021). The influence of an interactive use of management control on individual performance: Mediating roles of psychological empowerment and proactive behavior,&nbsp;<em>Journal of Accounting &amp; Organizational Change<\/em>,&nbsp;<strong>17<\/strong>(2), 263-281, 10.1108\/JAOC-06-2020-0079.<\/p>\n\n\n\n<p>Matsuoka, T., Yamasaki, M., Abe, M., Matsuda, Y., Morino, H., Kawakami, H., Sakimura, K., Watanabe, M., &amp; Hashimoto, K. (2021). Kv11 (ether-\u00e0-go-go-related gene) voltage-dependent K+ channels promote resonance and oscillation of subthreshold membrane potentials.&nbsp;<em>The Journal of physiology<\/em>,&nbsp;<strong>599<\/strong>(2), 547-569, 10.1113\/JP280342.<\/p>\n\n\n\n<p>Miwa, H., Kobayashi, K., Hirai, S., Yamada, M., Watanabe, M., Okado, H., &amp; Yanagawa, Y. (2021). GAD67-mediated GABA Synthesis and Signaling Impinges on Directing Basket Cell Axonal Projections Toward Purkinje Cells in the Cerebellum.&nbsp;<em>Cerebellum<\/em>, 10.1007\/s12311-021-01334-8.<\/p>\n\n\n\n<p>Miyata, S., Kakizaki, T., Fujihara, K., Obinata, H., Hirano, T., Nakai, J., Tanaka, M., Itohara, S., Watanabe, M., Tanaka, K. F., Abe, M., Sakimura, K., &amp; Yanagawa, Y. (2021). Global knockdown of glutamate decarboxylase 67 elicits emotional abnormality in mice.&nbsp;<em>Molecular brain<\/em>,&nbsp;<strong>14<\/strong>(1), 5-5, 10.1186\/s13041-020-00713-2.<\/p>\n\n\n\n<p>Miyazaki, T., Morimoto-Tomita, M., Berthoux, C., Konno, K., Noam, Y., Yamasaki, T., Verhage, M., Castillo, P. E., Watanabe, M., &amp; Tomita, S. (2021). Excitatory and inhibitory receptors utilize distinct post- and trans-synaptic mechanisms in vivo.&nbsp;<em>eLife<\/em>,&nbsp;<strong>10<\/strong>, 10.7554\/eLife.59613.<\/p>\n\n\n\n<p>Nishitani, N., Ohmura, Y., Kobayashi, K., Murashita, T., Yoshida, T., &amp; Yoshioka, M. (2021). Serotonin neurons in the median raphe nucleus bidirectionally regulate somatic signs of nicotine withdrawal in mice.&nbsp;<em>Biochemical and biophysical research communications<\/em>,&nbsp;<strong>562<\/strong>, 62-68, 10.1016\/j.bbrc.2021.05.052.<\/p>\n\n\n\n<p>Ohnuma, S., Kuwayama, R., Kobayashi, T. (2021). Psychological and Demographical Determinants of Adopting Expensive Energy-efficient Facilities in Households, Journal of Environmental Information Science,<strong>&nbsp;2021<\/strong>(1), 37-48, 10.11492\/ceispapersen.2021.1_37.<\/p>\n\n\n\n<p>Ohnuma, S., Yokoyama, M., &amp; Mizutori, S. (2022). Procedural fairness and expected outcome evaluations in the public acceptance of sustainability policymaking: A case study of multiple stepwise participatory programs to develop an environmental master plan for Sapporo,&nbsp;<em>Japan sustainability<\/em>,&nbsp;<strong>14<\/strong>(6), 3403, 10.3390\/su14063403.<\/p>\n\n\n\n<p>Ohtsubo, Y., Inamasu, K., Kohama, S., Mifune, N., &amp; Tago, A. (2021). Resistance to the six elements of political apologies: Who opposes which elements?&nbsp;<em>Peace and Conflict<\/em>,&nbsp;<strong>27<\/strong>(3), 449-458, 10.1037\/pac0000456.<\/p>\n\n\n\n<p>Osugi, T., &amp; Kawahara, J. I. (2021). The spill-over effect of the formal bowing motion on subjective facial attractiveness. Japanese Psychological Research, 10.1111\/jpr.12347.<\/p>\n\n\n\n<p>Saito, Y., Maezawa, T., &amp; Kawahara, J. I. (2021). Beat Patterns Determine Inter-Hand Differences in Synchronization Error in a Bimanual Coordination Tapping Task.&nbsp;<em>i-Perception<\/em>,&nbsp;<strong>12<\/strong>(5), 10.1177\/20416695211053882.<\/p>\n\n\n\n<p>Sato, S., Noda, S., Torii, S., Amo, T., Ikeda, A., Funayama, M., Yamaguchi, J., Fukuda, T., Kondo, H., Tada, N., Arakawa, J., Watanabe, M., Uchiyama, Y., Shimizu, S., &amp; Hattori, N. (2021). Homeostatic p62 levels and inclusion body formation in CHCHD2 knockout mice. Human molecular genetics,&nbsp;<strong>30<\/strong>(6), 443-453, 10.1093\/hmg\/ddab057.<\/p>\n\n\n\n<p>Shiotani, H., Miyata, M., Kameyama, T., Mandai, K., Yamasaki, M., Watanabe, M., Mizutani, K., &amp; Takai, Y. (2021). Nectin-2\u03b1 is localized at cholinergic neuron dendrites and regulates synapse formation in the medial habenula.&nbsp;<em>The Journal of comparative neurology<\/em>,&nbsp;<strong>529<\/strong>(2), 450-477, 10.1002\/cne.24958.<\/p>\n\n\n\n<p>Szocsics, P., Papp, P., Havas, L., Watanabe, M., Magl\u00f3czky, Z. (2021). Perisomatic innervation and neurochemical features of giant pyramidal neurons in both hemispheres of the human primary motor cortex.&nbsp;<em>Brain structure &amp; function<\/em>,&nbsp;<strong>226<\/strong>(1), 281-296, 10.1007\/s00429-020-02182-8.<\/p>\n\n\n\n<p>Tateishi, W., Hashimoto, H., &amp; Takahashi, N. (2021). Reputation of Those Who Cooperate Beyond Group Boundaries: A Comparison of Universalistic and In-Group Favoring Strategies.&nbsp;<em>Letters on Evolutionary Behavioral Science<\/em>,&nbsp;<strong>12<\/strong>(2), 46-53, 10.5178\/lebs.2021.89.<\/p>\n\n\n\n<p>Tsurumi, S., Kanazawa, S., Yamaguchi, M. K., &amp; Kawahara, J. I. (2021). Attentional blink in preverbal infants.&nbsp;<em>Cognition<\/em>,&nbsp;<strong>214<\/strong>, 104749, 10.1016\/j.cognition.2021.104749.<\/p>\n\n\n\n<p>Tsurumi, S., Kanazawa, S., Yamaguchi, M. K., &amp; Kawahara, J. I. (2022). Development of upper visual field bias for faces in infants.&nbsp;<em>Developmental Science<\/em>, 10.1111\/desc.13262.<\/p>\n\n\n\n<p>Uematsu, A., &amp; Tanaka, M. (2022). Effects of GABAergic and glutamatergic inputs on temporal prediction signals in the primate cerebellar nucleus. Neuroscience,&nbsp;<strong>482<\/strong>(1), 159-160, 10.1016\/j.neuroscience.2021.11.047.<\/p>\n\n\n\n<p>Uno, T., Kasai, T., &amp; Seki, A. (2021). The Developmental Change of Print\u2010Tuned N170 in Highly Transparent Writing Systems.&nbsp;<em>Japanese Psychological Research<\/em>, 10.1111\/jpr.12397.<\/p>\n\n\n\n<p>Wilheim, T., Nagy, K., Mohanraj, M., Ziarniak, K., Watanabe, M., Sliwowska, J., &amp; Kall\u00f3, I. (2021). Expression of type one cannabinoid receptor in different subpopulation of kisspeptin neurons and kisspeptin afferents to GnRH neurons in female mice. Brain structure &amp; function,&nbsp;<strong>226<\/strong>(7), 2387-2399, 10.1007\/s00429-021-02339-z.<\/p>\n\n\n\n<p>Yamasaki, M., Aiba, A., Kano, M., &amp; Watanabe, M. (2021). mGluR1 signaling in cerebellar Purkinje cells: Subcellular organization and involvement in cerebellar function and disease.&nbsp;<em>Neuropharmacology<\/em>,<strong>&nbsp;194<\/strong>, 108629, 10.1016\/j.neuropharm.2021.108629.<\/p>\n\n\n\n<p>Yamazaki, K., Kawabori, M., Seki, T., Takamiya, S., Konno, K., Watanabe, M., Houkin, K., &amp; Fujimura, M. (2021). Mesenchymal Stem Cell Sheet Promotes Functional Recovery and Palliates Neuropathic Pain in a Subacute Spinal Cord Injury Model.&nbsp;<em>Stem cells international<\/em>,&nbsp;<strong>2021<\/strong>, 9964877, 10.1155\/2021\/9964877.<\/p>\n\n\n\n<p>Yang, H., Hu, Z., Imai, F., Yang, Y., &amp; Ogawa, K. (2021). Effects of neurofeedback on the activities of motor-related areas by using motor execution and imagery.&nbsp;<em>Neuroscience letters<\/em>,<strong>&nbsp;746<\/strong>, 135653, 10.1016\/j.neulet.2021.135653.<\/p>\n","protected":false},"excerpt":{"rendered":"Alsulaiman, W. A. A., Quillet, R., Bell, A. M., Dickie, A. C., Polg\u00e1r, E., Boyle, K. A., Watanabe, M...","protected":false},"author":1,"featured_media":1493,"parent":85,"menu_order":2021,"comment_status":"closed","ping_status":"closed","template":"","meta":{"footnotes":""},"class_list":["post-88","page","type-page","status-publish","has-post-thumbnail","hentry"],"_links":{"self":[{"href":"https:\/\/lynx.let.hokudai.ac.jp\/cerss\/wp-json\/wp\/v2\/pages\/88","targetHints":{"allow":["GET"]}}],"collection":[{"href":"https:\/\/lynx.let.hokudai.ac.jp\/cerss\/wp-json\/wp\/v2\/pages"}],"about":[{"href":"https:\/\/lynx.let.hokudai.ac.jp\/cerss\/wp-json\/wp\/v2\/types\/page"}],"author":[{"embeddable":true,"href":"https:\/\/lynx.let.hokudai.ac.jp\/cerss\/wp-json\/wp\/v2\/users\/1"}],"replies":[{"embeddable":true,"href":"https:\/\/lynx.let.hokudai.ac.jp\/cerss\/wp-json\/wp\/v2\/comments?post=88"}],"version-history":[{"count":4,"href":"https:\/\/lynx.let.hokudai.ac.jp\/cerss\/wp-json\/wp\/v2\/pages\/88\/revisions"}],"predecessor-version":[{"id":1712,"href":"https:\/\/lynx.let.hokudai.ac.jp\/cerss\/wp-json\/wp\/v2\/pages\/88\/revisions\/1712"}],"up":[{"embeddable":true,"href":"https:\/\/lynx.let.hokudai.ac.jp\/cerss\/wp-json\/wp\/v2\/pages\/85"}],"wp:featuredmedia":[{"embeddable":true,"href":"https:\/\/lynx.let.hokudai.ac.jp\/cerss\/wp-json\/wp\/v2\/media\/1493"}],"wp:attachment":[{"href":"https:\/\/lynx.let.hokudai.ac.jp\/cerss\/wp-json\/wp\/v2\/media?parent=88"}],"curies":[{"name":"wp","href":"https:\/\/api.w.org\/{rel}","templated":true}]}}