{"id":1774,"date":"2024-04-10T14:09:21","date_gmt":"2024-04-10T05:09:21","guid":{"rendered":"https:\/\/lynx.let.hokudai.ac.jp\/cerss\/?page_id=1774"},"modified":"2024-04-10T14:09:21","modified_gmt":"2024-04-10T05:09:21","slug":"ep_2019","status":"publish","type":"page","link":"https:\/\/lynx.let.hokudai.ac.jp\/cerss\/outputs\/ep_2019\/","title":{"rendered":"Journal Articles (International Journals, 2019)"},"content":{"rendered":"\n<p><\/p>\n\n\n\n<p>Ando, K., Sugiura, J., Ohnuma, S., Tam, K-P., &amp; Gundula, H. (2019). Persuasion Game: Cross cultural comparison. <em>Simulation &amp; Gaming<\/em>. <strong>50<\/strong>(3), 532-555.<\/p>\n\n\n\n<p>Baba, C., Kawai, M., &amp; Takimoto-Inose, A. (2019). Are horses (<em>Equus caballus<\/em>) sensitive to human emotional cues?. <em>Animals<\/em>. <strong>9<\/strong>, 630.<\/p>\n\n\n\n<p>Boyle, K. A., Gradwell, M. A., Yasaka, T., Dickie, A. C., Polg\u00e1r, E., Ganley, R. P., Orr, D. P. H., Watanabe, M., Abraira, V. E., Kuehn, E. D., Zimmerman, A. L., Ginty, D. D., Callister, R. J., Graham, B. A., &amp; Hughes, D. I. (2019). Defining a Spinal Microcircuit that Gates Myelinated Afferent Input: Implications for Tactile Allodynia. <em>Cell Rep<\/em>. <strong>28<\/strong>(2), 526-540.<\/p>\n\n\n\n<p>Fern\u00e1ndez-Due\u00f1as, V., G\u00f3mez-Soler, M., Valle-Le\u00f3n, M., &amp; Watanabe, M. (2019). Adenosine A2A-Cannabinoid CB1 Receptor Heteromers in the Hippocampus. <em>Molecular Neurobiology<\/em>. <strong>56<\/strong>(8), 5382-5391.<\/p>\n\n\n\n<p>Fern\u00e1ndez-Due\u00f1as, V., G\u00f3mez-Soler, M., Valle-Le\u00f3n, M., Watanabe, M., Ferrer, I., &amp; Ciruela, F. (2019). Revealing adenosine A2A-dopamine D2 receptor heteromers in Parkinson\u2019s disease post-mortem brain through a new AlphaScreen-based assay. .<em>International Journal of&nbsp; Molecular Sciences<\/em>. <strong>20<\/strong>(14), 3600.<\/p>\n\n\n\n<p>Gutierrez-Mecinas,&nbsp; M., Bell A. M., Shepherd, F., Polg\u00e1r, E., Watanabe, M., Furuta, T., &amp; Todd, A. J. (2019). Expression of cholecystokinin by neurons in mouse spinal dorsal horn. .<em>Journal of Comparative Neurology<\/em>, <strong>527<\/strong>(11), 1857-1871.<\/p>\n\n\n\n<p>Gutierrez-Mecinas, M., Bell, A., Polg\u00e1r, E., Watanabe, M., &amp; Todd, A. J. (2019). Expression of neuropeptide FF defines a population of excitatory interneurons in the superficial dorsal horn of the mouse spinal cord that respond to noxious and pruritic stimuli. <em>Neuroscience<\/em>. <strong>416<\/strong>, 281-293.<\/p>\n\n\n\n<p>Hashimoto, N., Toyomaki, A., Oka, M., Takanobu, K., Okubo, R., Narita, H., Kitagawa, K., Udo, N., Maeda, T., Watanabe, S., Oyanagi, Y., Miyazaki, A., Ito, K., &amp; Kusumi, I. (2019). Pilot Validation Study of the Japanese Translation of the Brief Negative Symptoms Scale (BNSS). <em>Neuropsychiatric Disease and Treatment<\/em>. <strong>15<\/strong>, 3511-3518.<\/p>\n\n\n\n<p>Higashiyama, M., Hayashida, T., Sakuta, K., Masuya, J., Ichiki, M., Tanabe, H., Kusumi, I., &amp; Inoue, T. (2019). Complex effects of childhood abuse, affective temperament, and subjective social status on depressive symptoms of adult volunteers from the community. <em>Neuropsychiatric Disease and Treatment<\/em>.<strong>15<\/strong>, 1-9.<\/p>\n\n\n\n<p>Inaba, M., &amp; Takahashi, N. (2019). Linkage Based on the Kandori Norm Successfully Sustains Cooperation in Social Dilemmas. <em>Games<\/em>. <strong>10<\/strong>(1), doi:10.3390\/g10010010.<\/p>\n\n\n\n<p>Kameda, M., Ohmae, S. &amp; Tanaka, M. (2019). Entrained neuronal activity to periodic visual stimuli in the primate striatum compared with the cerebellum. <em>eLife<\/em>. <strong>8<\/strong>, e48702.<\/p>\n\n\n\n<p>Kawai, T., Miyata, H., Nakanishi, H., Sakata, S., Morioka, S., Sasaki, J., Watanabe, M., Sakimura, K., Fujimoto, T., Sasaki, T., Ikawa, M., &amp; Okamura, Y. (in press). Polarized PtdIns(4,5)P2 distribution mediated by a voltage-sensing phosphatase (VSP) regulates sperm motility.<\/p>\n\n\n\n<p>Kikkawa, T., &amp; Ohnuma, S. (2019). From Then to Now: Transformation in Simulation and Gaming in Japan. <em>Simulation &amp; Gaming<\/em>. <strong>50<\/strong>(3), 491-493.<\/p>\n\n\n\n<p>Kitakaji, Y., &amp; Ohnuma, S. (2019). The detrimental effects of punishment and reward on cooperation in the Industrial Waste Illegal Dumping Game. <em>Simulation &amp; Gaming<\/em>. <strong>50<\/strong>(3), 509-531.<\/p>\n\n\n\n<p>Koga, M., Nakagawa, S., Kato, A., &amp; Kusumi, I. (2019). Caffeic acid reduces oxidative stress and microglial activation in the mouse hippocampus. <em>Tissue and Cell<\/em>. <strong>60<\/strong>, 14-20.<\/p>\n\n\n\n<p>Li, L. M. W., Mei, D. Li, W. Q., &amp; Lee, H. (in press). The relationship between dialectical beliefs and proenvironmental behaviors. <em>Environment and Behavior<\/em>.<\/p>\n\n\n\n<p>Li, M., Li, W. Q. &amp; Li, L. M. W. (in press). Sensitive periods of moving on mental health and academic performance among university students. <em>Frontiers in Psychology<\/em>.<\/p>\n\n\n\n<p>Li, W. Q., Li, L. M. W., &amp; Li, M. (2019). Residential mobility reduces ingroup favouritism in prosocial behaviour. <em>Asian Journal of Social Psychology<\/em>. <strong>22<\/strong>(1), 3-17.<\/p>\n\n\n\n<p>Maezawa, T., &amp; Kawahara, J. (2019). Effects of visual working memory on individual differences in echolocation performance in sighted participants. <em>i-Perception<\/em>. <strong>10<\/strong>(4), 1\u201316.<\/p>\n\n\n\n<p>Maezawa, T., &amp; Kawahara, J. (2019). Distance estimation by blindfolded sighted participants using echolocation. <em>Perception<\/em>. doi:10.1177\/0301006619884788.<\/p>\n\n\n\n<p>Maezawa, T., Matsuishi, T., Ito, K., Kaji, S., Tsunokawa, M., &amp; Kawahara, J. (2019). The effects of visual impediment on the approaching behavior of harbor porpoise, Phocoena phocoena. <em>Mammal Study<\/em>. <strong>44<\/strong>(3), 205\u2013213.<\/p>\n\n\n\n<p>Matsuo, M. (2019). Critical reflection, unlearning, and engagement. <em>Management Learning<\/em>. <strong>50<\/strong>(4), 465\u2013481.<\/p>\n\n\n\n<p>Matsuo, M. (2019). The unlearning of managerial skills: A qualitative study of executive officers. <em>European Management Review<\/em>. <strong>16<\/strong>, 303\u2013315.<\/p>\n\n\n\n<p>Matsuo, M. (2019). Personal growth initiative as a predictor of psychological empowerment: The mediating role of job crafting. <em>Human Resource Development Quarterly<\/em>. <strong>30<\/strong>, 343\u2013360..<\/p>\n\n\n\n<p>Matsuo, M. (in press). Antecedents of psychological empowerment: the effects of developmental experience, learning goal and authenticity. <em>Asia Pacific Journal of Human Resources<\/em>.<\/p>\n\n\n\n<p>Matsuo, M. (in press). Empowerment through self-improvement skills: The role of learning goals and personal growth initiative. <em>Journal of Vocational Behavior<\/em>.<\/p>\n\n\n\n<p>Matsuo, M. (in press). Sales management: Learning and innovation in Japan. <em>Journal of Marketing Channels<\/em>.<\/p>\n\n\n\n<p>Matsuo, M., Arai, K., &amp; Matsuo, T. (in press). Empowering leadership and meaningful work:the mediating role of learning goal orientation. <em>International Journal of Training and Development<\/em>.<\/p>\n\n\n\n<p>Miterko, L. N., Baker, K. B., Beckinghausen, J., Bradnam, L. V., Cheng, M. Y., Cooperrider, J., DeLong, M. R., Gornati, S. V., Hallett, M., Heck, D. H., Hoebeek, F. E., Kouzani, A. Z., Kuo, S-H., Louis, E. D., Machado, A., Manto, M. McCambridge, A. B., Nitsche, M. A., Oulad, N., Taib, B., Popa, T., Tanaka, M., Timmann, D., Steinberg, G. K., Wang, E. H., Wichmann, T., Xie, T., &amp; Sillitoe, R. V. (2019). Consensus Paper: Experimental Neurostimulation of the Cerebellum. <em>Cerebellum<\/em>, doi: 10.1007\/s12311-019-01041-5.<\/p>\n\n\n\n<p>Mitsui, N., Oyanagi, Y., Kako, Y., &amp; Kusumi, I. (2019). Natural recovery from lon-lasting generalized dissociative amnesia and of cerebral blood flow. <em>BMJ Case Rep<\/em>orts, e231270.<\/p>\n\n\n\n<p>Mitsui, N., Oyanagi, Y., Kako, Y., &amp; Kusumi, I. (2019). Natural recovery from long-lasting generalised dissociative amnesia and of cerebral blood flow. BMJ Case Reports. <strong>12<\/strong>(12), doi: 10.1136\/bcr-2019-231270.<\/p>\n\n\n\n<p>Nakamoto, C., Konno, K., Miyazaki, T., Nakatsukasa, E., Natsume, R., Abe, M., Kawamura, M., Fukazawa, T., Shigemto, R., Yamasaki, M., Sakimura, K., &amp; Watanabe, M. (in press). Expression mapping, quantification, and complex formation of GluD1 and GluD2 glutamate receptors in adult mouse brain. <em>Journal of Comparative Neurology<\/em>.<\/p>\n\n\n\n<p>Nakao, H., Kishimoto, Y., Hashimoto, K., Kitamura, K., Yamasaki, M., Nakao, K., Watanabe, M., Kano, M., Kirino, Y., &amp; Aiba, A. (2019). GluR1 in cerebellar Purkinje cells is essential for formation but not expression of associative eyeblink memory. <em>Scientific Reports<\/em>. <strong>9<\/strong>(1), 7353.<\/p>\n\n\n\n<p>Ogawa, K., Mitsui K., Imai, F., &amp; Nishida, S. (2019). Long-term training-dependent representation of individual finger movements in the primary motor cortex. <em>Neuroimage<\/em>. <strong>202<\/strong>(15), 116051.<\/p>\n\n\n\n<p>Ohtomo, S., Hirose, Y., &amp; Ohnuma, S. (accepted). Public acceptance model for siting a repository of radioactive contaminated waste. <em>Journal of Risk Research<\/em>.<\/p>\n\n\n\n<p>Rawangwong, A., Khrongyut, S., Chomphoo, S., Konno, K., Yamasaki, M., Watanabe, M., Kondo, H., &amp; Hipkaeo, W. (2019).&nbsp; Heterogeneous localization of muscarinic cholinoceptor M1 in the salivary ducts of adult mice. <em>Archives of Oral Biology<\/em>. <strong>100<\/strong>, 14-22.<\/p>\n\n\n\n<p>Rawangwong, A., Pidsaya, A., Thoungseabyoun, W., Tachow, A., Sawatpanich, T., Sakaew, W., Yamasaki, M., Watanabe, M., Kondo, H., &amp; Hipkaeo, W. (2019). Localization of phospholipase C \u03b23 in the major salivary glands of adult mice. <em>Acta Histochemica<\/em>. <strong>121<\/strong>(4), 484-490.<\/p>\n\n\n\n<p>Saito, T., Toda, H., Inoue, T., Koga, M., Tanichi, M., Takeshita, S., Nakagawa, R., Nagamine, M., Masuya, J., Tanabe, H., Shimizu, K., Kusumi, I., &amp; Yoshino, A. (2019). Comparison of depression and bipolar patients and healthy controls using the reclassified Child abuse and Trauma Scale. <em>Journal of Affective Disorders<\/em>. <strong>257<\/strong>, 396-403.<\/p>\n\n\n\n<p>Stegall, S. E., Collette, T., Kinjo, T., Takahashi, T. &amp; Romanowich, P. (2019). Quantitative Cross-Cultural Similarities and Differences in Social Discounting for Gains and Losses. Frontiers in <em>Public Health<\/em>. <strong>7<\/strong>, 297, doi:10.3389\/fpubh.2019.00297.<\/p>\n\n\n\n<p>Suzuki, T.W., &amp; Tanaka, M. (2019). Neural oscillations in the primate caudate nucleus correlate with different preparatory states for temporal production. <em>Communications Biology<\/em>. <strong>2<\/strong>, doi: 10.1038\/s42003-019-0345-2.<\/p>\n\n\n\n<p>Takahashi, T. (in press). Affective modulation of social discounting. <em>Affective science and engineering<\/em>.<\/p>\n\n\n\n<p>Tanda, T., &amp; Kawahara, J. (2019). Association between cue lead time and template-for-rejection effect. <em>Attention, Perception, &amp; Psychophisics<\/em>. <strong>81<\/strong>(6), 1880-1889.<\/p>\n\n\n\n<p>Toyoshima, K., Inoue, T., Masuya, J., Ichiki, M., Fujimura, Y., &amp; Kusumi, I. (2019). Evaluation Of Subjective Cognitive Function Using The Cognitive Complaints In Bipolar Disorder Rating Assessment (COBRA) In Japanese Adults. <em>Neuropsychiatr Dis Treat<\/em>. <strong>15<\/strong>, 2981-2990.<\/p>\n\n\n\n<p>Tsurumi, S., Kanazawa, S., Yamaguchi, M., &amp; Kawahara, J. (2019). Rapid identification of the face in infants. <em>Journal of Experimental Child Psychology<\/em>. <strong>186<\/strong>, 45-58.<\/p>\n\n\n\n<p>Uno, T., Kasai, T., &amp; Seki, A. (in press). Electrophysiological Correlates Associated with the Involuntary Processing of Single Letters in the Japanese Hiragana Script. <em>Japanese Journal of Physiological Psychology and Psychophysiology<\/em>.<\/p>\n\n\n\n<p>Yamauchi, K., &amp; Kawahara, J. (2019). A singleton distractor updates the inhibitory template for visual marking. <em>Acta Psychologica<\/em>. <strong>192<\/strong>, 200-211.<\/p>\n\n\n\n<p>Yokoyama, M., Ohnuma, S., Hirose. Y. (2019). Can the Veil of Ignorance Create Consensus?: A Qualitative Analysis Using the Siting for a Contaminated Waste Landfill Game. <em>Simulation &amp; Gaming: Through times and across disciplines, past and future, heritage and progress<\/em>. 105-119.<\/p>\n\n\n\n<p>Yuki, M. &amp; Schug, J. (2020). Psychological consequences of relational mobility. <em>Current Opinion in Psychology<\/em>. <strong>32<\/strong>, 129-132.<\/p>\n\n\n\n<p>Zhengfei, H., Yang, H., Yang, Y., Nishida, S., Madden, C., Ventre-Dominey, J., Dominey, P. F., &amp; Ogawa. K. (2019). Common Neural System for Sentence and Picture Comprehension across Languages: A Chinese\u2013Japanese Bilingual Study. <em>Frontiers in Human Neuroscience<\/em>. <strong>13<\/strong>, doi: 10.3389\/fnhum.2019.00380.<\/p>\n","protected":false},"excerpt":{"rendered":"Ando, K., Sugiura, J., Ohnuma, S., Tam, K-P., &amp; Gundula, H. (2019). Persuasion Game: Cross cultu...","protected":false},"author":2,"featured_media":1493,"parent":85,"menu_order":2020,"comment_status":"closed","ping_status":"closed","template":"","meta":{"footnotes":""},"class_list":["post-1774","page","type-page","status-publish","has-post-thumbnail","hentry"],"_links":{"self":[{"href":"https:\/\/lynx.let.hokudai.ac.jp\/cerss\/wp-json\/wp\/v2\/pages\/1774","targetHints":{"allow":["GET"]}}],"collection":[{"href":"https:\/\/lynx.let.hokudai.ac.jp\/cerss\/wp-json\/wp\/v2\/pages"}],"about":[{"href":"https:\/\/lynx.let.hokudai.ac.jp\/cerss\/wp-json\/wp\/v2\/types\/page"}],"author":[{"embeddable":true,"href":"https:\/\/lynx.let.hokudai.ac.jp\/cerss\/wp-json\/wp\/v2\/users\/2"}],"replies":[{"embeddable":true,"href":"https:\/\/lynx.let.hokudai.ac.jp\/cerss\/wp-json\/wp\/v2\/comments?post=1774"}],"version-history":[{"count":1,"href":"https:\/\/lynx.let.hokudai.ac.jp\/cerss\/wp-json\/wp\/v2\/pages\/1774\/revisions"}],"predecessor-version":[{"id":1775,"href":"https:\/\/lynx.let.hokudai.ac.jp\/cerss\/wp-json\/wp\/v2\/pages\/1774\/revisions\/1775"}],"up":[{"embeddable":true,"href":"https:\/\/lynx.let.hokudai.ac.jp\/cerss\/wp-json\/wp\/v2\/pages\/85"}],"wp:featuredmedia":[{"embeddable":true,"href":"https:\/\/lynx.let.hokudai.ac.jp\/cerss\/wp-json\/wp\/v2\/media\/1493"}],"wp:attachment":[{"href":"https:\/\/lynx.let.hokudai.ac.jp\/cerss\/wp-json\/wp\/v2\/media?parent=1774"}],"curies":[{"name":"wp","href":"https:\/\/api.w.org\/{rel}","templated":true}]}}